{"id":7,"date":"2024-11-30T16:50:07","date_gmt":"2024-11-30T16:50:07","guid":{"rendered":"https:\/\/colibri.tel\/?page_id=7"},"modified":"2025-07-31T02:58:50","modified_gmt":"2025-07-31T02:58:50","slug":"colibri-telecommunications","status":"publish","type":"page","link":"https:\/\/colibri.tel\/","title":{"rendered":"Accueil"},"content":{"rendered":"\n<div class=\"wp-block-group alignfull is-style-section-4 has-global-padding is-layout-constrained wp-block-group-is-layout-constrained is-style-section-4--1\" style=\"min-height:100vh;margin-top:0;margin-bottom:0\">\n<div class=\"wp-block-columns alignfull is-layout-flex wp-container-core-columns-is-layout-28f84493 wp-block-columns-is-layout-flex\">\n<div class=\"wp-block-column is-vertically-aligned-center is-layout-flow wp-block-column-is-layout-flow\">\n<div class=\"wp-block-group is-layout-flow wp-block-group-is-layout-flow\" style=\"padding-top:var(--wp--preset--spacing--50);padding-right:var(--wp--preset--spacing--50);padding-bottom:var(--wp--preset--spacing--50);padding-left:var(--wp--preset--spacing--50)\">\n<h2 class=\"wp-block-heading\">COLIBRI T\u00c9L\u00c9COMMUNICATIONS INC.<\/h2>\n\n\n\n<p>210-1500 rue du Coll\u00e8ge<br>Montr\u00e9al, QC, H4L 5G6, Canada<\/p>\n\n\n\n<p>NEQ: 1180339401<\/p>\n<\/div>\n<\/div>\n\n\n\n<div class=\"wp-block-column is-layout-flow wp-block-column-is-layout-flow\">\n<div class=\"wp-block-cover is-light\" style=\"min-height:100vh;aspect-ratio:unset;\"><img loading=\"lazy\" decoding=\"async\" width=\"1344\" height=\"768\" class=\"wp-block-cover__image-background wp-image-9\" alt=\"\" src=\"https:\/\/colibri.tel\/wp-content\/uploads\/2024\/11\/freepik__expand__29217.png\" data-object-fit=\"cover\" srcset=\"https:\/\/colibri.tel\/wp-content\/uploads\/2024\/11\/freepik__expand__29217.png 1344w, https:\/\/colibri.tel\/wp-content\/uploads\/2024\/11\/freepik__expand__29217-300x171.png 300w, https:\/\/colibri.tel\/wp-content\/uploads\/2024\/11\/freepik__expand__29217-1024x585.png 1024w, https:\/\/colibri.tel\/wp-content\/uploads\/2024\/11\/freepik__expand__29217-768x439.png 768w\" sizes=\"auto, (max-width: 1344px) 100vw, 1344px\" \/><span aria-hidden=\"true\" class=\"wp-block-cover__background has-background-dim-0 has-background-dim\" style=\"background-color:#6b6b6b\"><\/span><div class=\"wp-block-cover__inner-container is-layout-flow wp-block-cover-is-layout-flow\">\n<div style=\"height:var(--wp--preset--spacing--20)\" aria-hidden=\"true\" class=\"wp-block-spacer\"><\/div>\n<\/div><\/div>\n<\/div>\n<\/div>\n<\/div>\n","protected":false},"excerpt":{"rendered":"<p>COLIBRI T\u00c9L\u00c9COMMUNICATIONS INC. 210-1500 rue du Coll\u00e8geMontr\u00e9al, QC, H4L 5G6, Canada NEQ: 1180339401<\/p>\n","protected":false},"author":1,"featured_media":0,"parent":0,"menu_order":0,"comment_status":"closed","ping_status":"closed","template":"","meta":{"footnotes":""},"class_list":["post-7","page","type-page","status-publish","hentry"],"_links":{"self":[{"href":"https:\/\/colibri.tel\/index.php?rest_route=\/wp\/v2\/pages\/7","targetHints":{"allow":["GET"]}}],"collection":[{"href":"https:\/\/colibri.tel\/index.php?rest_route=\/wp\/v2\/pages"}],"about":[{"href":"https:\/\/colibri.tel\/index.php?rest_route=\/wp\/v2\/types\/page"}],"author":[{"embeddable":true,"href":"https:\/\/colibri.tel\/index.php?rest_route=\/wp\/v2\/users\/1"}],"replies":[{"embeddable":true,"href":"https:\/\/colibri.tel\/index.php?rest_route=%2Fwp%2Fv2%2Fcomments&post=7"}],"version-history":[{"count":5,"href":"https:\/\/colibri.tel\/index.php?rest_route=\/wp\/v2\/pages\/7\/revisions"}],"predecessor-version":[{"id":27,"href":"https:\/\/colibri.tel\/index.php?rest_route=\/wp\/v2\/pages\/7\/revisions\/27"}],"wp:attachment":[{"href":"https:\/\/colibri.tel\/index.php?rest_route=%2Fwp%2Fv2%2Fmedia&parent=7"}],"curies":[{"name":"wp","href":"https:\/\/api.w.org\/{rel}","templated":true}]}}